{"id":6,"date":"2024-07-05T16:31:32","date_gmt":"2024-07-05T16:31:32","guid":{"rendered":"https:\/\/kaankarolyegyesulet.hu\/?page_id=6"},"modified":"2025-05-27T18:29:09","modified_gmt":"2025-05-27T18:29:09","slug":"rolunk","status":"publish","type":"page","link":"https:\/\/kaankarolyegyesulet.hu\/","title":{"rendered":"R\u00f3lunk"},"content":{"rendered":"\n<p>A Ka\u00e1n K\u00e1roly K\u00f6rnyezetv\u00e9delmi Egyes\u00fclet 1994-ben alakult Zala megye \u00e9s a r\u00e9gi\u00f3 els\u0151 \u00e9s jelenleg is akt\u00edv egyes\u00fcletek\u00e9nt. Az egyes\u00fclet alap\u00edt\u00f3ja Benedek Mikl\u00f3s volt, aki elhivatotts\u00e1g\u00e1nak \u00e9s a fenntarthat\u00f3s\u00e1g ir\u00e1nti elk\u00f6telezetts\u00e9g\u00e9nek k\u00f6sz\u00f6nhet\u0151en \u00e9vtizedeken kereszt\u00fcl seg\u00edtette \u00e9s tan\u00edtotta a feln\u00f6vekv\u0151 gener\u00e1ci\u00f3t, \u00e9s elhivatottan ki\u00e1llt a fenntarthat\u00f3s\u00e1g \u00e9s a k\u00f6rnyezetv\u00e9delem mellett.<\/p>\n\n\n\n<p>Az egyes\u00fclet az\u00e9rt j\u00f6tt l\u00e9tre, hogy a k\u00f6rnyezet- \u00e9s term\u00e9szetv\u00e9delmi probl\u00e9m\u00e1k lehets\u00e9ges megold\u00e1s\u00e1t seg\u00edtse. A legfontosabb c\u00e9l a gyermekek (bele\u00e9rtve az \u00f3vod\u00e1sokat, \u00e1ltal\u00e1nos iskol\u00e1sokat, k\u00f6z\u00e9piskol\u00e1sokat) \u00e9s a feln\u0151ttek szeml\u00e9let\u00e9nek megalapoz\u00e1sa.<\/p>\n\n\n\n<p>Az egyes\u00fclet k\u00fcl\u00f6nb\u00f6z\u0151, a k\u00f6rnyezettudatos gondolkod\u00e1st el\u0151seg\u00edt\u0151 tev\u00e9kenys\u00e9geket val\u00f3s\u00edt meg. Az egyes\u00fclet gyakorlati t\u00e1mogat\u00e1st ny\u00fajt a k\u00f6rnyezetbar\u00e1t politik\u00e1khoz \u00e9s kezdem\u00e9nyez\u00e9sekhez a k\u00f6rnyezet v\u00e9delm\u00e9re ir\u00e1nyul\u00f3 tev\u00e9kenys\u00e9gek megval\u00f3s\u00edt\u00e1s\u00e1val. Nagy hangs\u00falyt fektet\u00fcnk a fiatal feln\u0151ttek \u00e9s a feln\u0151ttek k\u00f6rnyezeti kult\u00far\u00e1j\u00e1nak jav\u00edt\u00e1s\u00e1ra.<br>A fentiekre tekintettel a legfontosabb projekt\u00fcnk &#8211; az elm\u00falt \u00e9vtizedben &#8211; a Zala megyei hullad\u00e9k sz\u00e9tv\u00e1laszt\u00e1s n\u00e9pszer\u0171s\u00edt\u00e9s\u00e9nek t\u00e1mogat\u00e1sa volt.<\/p>\n\n\n\n<p>T\u00f6bb \u00e9ves tapasztalattal rendelkez\u00fcnk az \u00f3vod\u00e1s, \u00e1ltal\u00e1nos \u00e9s k\u00f6z\u00e9piskol\u00e1s gyermekek sz\u00e1m\u00e1ra inform\u00e1lis szabadt\u00e9ri oktat\u00e1si tev\u00e9kenys\u00e9gek kidolgoz\u00e1s\u00e1ban \u00e9s megval\u00f3s\u00edt\u00e1s\u00e1ban, hogy k\u00f6zelebb hozzuk \u0151ket a term\u00e9szethez, mik\u00f6zben k\u00f6rnyezet- \u00e9s kl\u00edmabar\u00e1t gondolkod\u00e1sm\u00f3dot alak\u00edtunk ki benn\u00fck.<\/p>\n\n\n\n<p>Az egyes\u00fclet eln\u00f6ke Simon Nikoletta, aki ugyanolyan elh\u00edvatotts\u00e1ggal k\u00e9pvisel\u0151 a szervezet \u00e9rt\u00e9keit, mint el\u0151dje, Benedek Mikl\u00f3s tette. <\/p>\n\n\n\n<p><\/p>\n\n\n<div class=\"wp-block-image\">\n<figure class=\"aligncenter size-full is-resized\"><img loading=\"lazy\" decoding=\"async\" width=\"275\" height=\"183\" src=\"https:\/\/kaankarolyegyesulet.hu\/wp-content\/uploads\/2024\/07\/Miki.jpg\" alt=\"\" class=\"wp-image-73\" style=\"width:290px;height:auto\"\/><\/figure>\n<\/div>\n\n\n<p class=\"has-text-align-center\">A k\u00e9pen Benedek Mikl\u00f3s. <\/p>\n\n\n\n<p class=\"has-text-align-center has-small-font-size\">K\u00e9p forr\u00e1sa: https:\/\/www.zaol.hu\/helyi-eletstilus\/2020\/07\/orvendetes-hogy-sok-a-szarvasbogar-az-iden<\/p>\n","protected":false},"excerpt":{"rendered":"<p>A Ka\u00e1n K\u00e1roly K\u00f6rnyezetv\u00e9delmi Egyes\u00fclet 1994-ben alakult Zala megye \u00e9s a r\u00e9gi\u00f3 els\u0151 \u00e9s jelenleg is akt\u00edv egyes\u00fcletek\u00e9nt. Az egyes\u00fclet alap\u00edt\u00f3ja Benedek Mikl\u00f3s volt, aki elhivatotts\u00e1g\u00e1nak \u00e9s a fenntarthat\u00f3s\u00e1g ir\u00e1nti elk\u00f6telezetts\u00e9g\u00e9nek k\u00f6sz\u00f6nhet\u0151en \u00e9vtizedeken kereszt\u00fcl seg\u00edtette \u00e9s tan\u00edtotta a feln\u00f6vekv\u0151 gener\u00e1ci\u00f3t, \u00e9s elhivatottan ki\u00e1llt a fenntarthat\u00f3s\u00e1g \u00e9s a k\u00f6rnyezetv\u00e9delem mellett. Az egyes\u00fclet az\u00e9rt j\u00f6tt l\u00e9tre, hogy&#8230;<\/p>\n","protected":false},"author":1,"featured_media":0,"parent":0,"menu_order":1,"comment_status":"closed","ping_status":"closed","template":"","meta":{"footnotes":""},"class_list":["post-6","page","type-page","status-publish","hentry"],"yoast_head":"<!-- This site is optimized with the Yoast SEO plugin v27.0 - https:\/\/yoast.com\/product\/yoast-seo-wordpress\/ -->\n<title>R\u00f3lunk - Ka\u00e1n K\u00e1roly K\u00f6rnyezetv\u00e9delmi Egyes\u00fclet<\/title>\n<meta name=\"description\" content=\"A Ka\u00e1n K\u00e1roly K\u00f6rnyezetv\u00e9delmi Egyes\u00fclet 1994-ben alakult Zala megye \u00e9s a r\u00e9gi\u00f3 els\u0151 \u00e9s jelenleg is akt\u00edv egyes\u00fcletek\u00e9nt.\" \/>\n<meta name=\"robots\" content=\"index, follow, max-snippet:-1, max-image-preview:large, max-video-preview:-1\" \/>\n<link rel=\"canonical\" href=\"https:\/\/kaankarolyegyesulet.hu\/\" \/>\n<meta property=\"og:locale\" content=\"hu_HU\" \/>\n<meta property=\"og:type\" content=\"article\" \/>\n<meta property=\"og:title\" content=\"R\u00f3lunk - Ka\u00e1n K\u00e1roly K\u00f6rnyezetv\u00e9delmi Egyes\u00fclet\" \/>\n<meta property=\"og:description\" content=\"A Ka\u00e1n K\u00e1roly K\u00f6rnyezetv\u00e9delmi Egyes\u00fclet 1994-ben alakult Zala megye \u00e9s a r\u00e9gi\u00f3 els\u0151 \u00e9s jelenleg is akt\u00edv egyes\u00fcletek\u00e9nt.\" \/>\n<meta property=\"og:url\" content=\"https:\/\/kaankarolyegyesulet.hu\/\" \/>\n<meta property=\"og:site_name\" content=\"Ka\u00e1n K\u00e1roly K\u00f6rnyezetv\u00e9delmi Egyes\u00fclet\" \/>\n<meta property=\"article:publisher\" content=\"https:\/\/www.facebook.com\/kaankarolykornyezetvedelmiegyesulet\/\" \/>\n<meta property=\"article:modified_time\" content=\"2025-05-27T18:29:09+00:00\" \/>\n<meta property=\"og:image\" content=\"https:\/\/kaankarolyegyesulet.hu\/wp-content\/uploads\/2024\/07\/Miki.jpg\" \/>\n<meta name=\"twitter:card\" content=\"summary_large_image\" \/>\n<meta name=\"twitter:label1\" content=\"Becs\u00fclt olvas\u00e1si id\u0151\" \/>\n\t<meta name=\"twitter:data1\" content=\"2 perc\" \/>\n<script type=\"application\/ld+json\" class=\"yoast-schema-graph\">{\"@context\":\"https:\/\/schema.org\",\"@graph\":[{\"@type\":\"WebPage\",\"@id\":\"https:\/\/kaankarolyegyesulet.hu\/\",\"url\":\"https:\/\/kaankarolyegyesulet.hu\/\",\"name\":\"R\u00f3lunk - Ka\u00e1n K\u00e1roly K\u00f6rnyezetv\u00e9delmi Egyes\u00fclet\",\"isPartOf\":{\"@id\":\"https:\/\/kaankarolyegyesulet.hu\/#website\"},\"primaryImageOfPage\":{\"@id\":\"https:\/\/kaankarolyegyesulet.hu\/#primaryimage\"},\"image\":{\"@id\":\"https:\/\/kaankarolyegyesulet.hu\/#primaryimage\"},\"thumbnailUrl\":\"https:\/\/kaankarolyegyesulet.hu\/wp-content\/uploads\/2024\/07\/Miki.jpg\",\"datePublished\":\"2024-07-05T16:31:32+00:00\",\"dateModified\":\"2025-05-27T18:29:09+00:00\",\"description\":\"A Ka\u00e1n K\u00e1roly K\u00f6rnyezetv\u00e9delmi Egyes\u00fclet 1994-ben alakult Zala megye \u00e9s a r\u00e9gi\u00f3 els\u0151 \u00e9s jelenleg is akt\u00edv egyes\u00fcletek\u00e9nt.\",\"breadcrumb\":{\"@id\":\"https:\/\/kaankarolyegyesulet.hu\/#breadcrumb\"},\"inLanguage\":\"hu\",\"potentialAction\":[{\"@type\":\"ReadAction\",\"target\":[\"https:\/\/kaankarolyegyesulet.hu\/\"]}]},{\"@type\":\"ImageObject\",\"inLanguage\":\"hu\",\"@id\":\"https:\/\/kaankarolyegyesulet.hu\/#primaryimage\",\"url\":\"https:\/\/kaankarolyegyesulet.hu\/wp-content\/uploads\/2024\/07\/Miki.jpg\",\"contentUrl\":\"https:\/\/kaankarolyegyesulet.hu\/wp-content\/uploads\/2024\/07\/Miki.jpg\",\"width\":275,\"height\":183},{\"@type\":\"BreadcrumbList\",\"@id\":\"https:\/\/kaankarolyegyesulet.hu\/#breadcrumb\",\"itemListElement\":[{\"@type\":\"ListItem\",\"position\":1,\"name\":\"Kezd\u0151lap\",\"item\":\"https:\/\/kaankarolyegyesulet.hu\/\"},{\"@type\":\"ListItem\",\"position\":2,\"name\":\"R\u00f3lunk\"}]},{\"@type\":\"WebSite\",\"@id\":\"https:\/\/kaankarolyegyesulet.hu\/#website\",\"url\":\"https:\/\/kaankarolyegyesulet.hu\/\",\"name\":\"Ka\u00e1n K\u00e1roly K\u00f6rnyezetv\u00e9delmi Egyes\u00fclet\",\"description\":\"\",\"publisher\":{\"@id\":\"https:\/\/kaankarolyegyesulet.hu\/#organization\"},\"potentialAction\":[{\"@type\":\"SearchAction\",\"target\":{\"@type\":\"EntryPoint\",\"urlTemplate\":\"https:\/\/kaankarolyegyesulet.hu\/?s={search_term_string}\"},\"query-input\":{\"@type\":\"PropertyValueSpecification\",\"valueRequired\":true,\"valueName\":\"search_term_string\"}}],\"inLanguage\":\"hu\"},{\"@type\":\"Organization\",\"@id\":\"https:\/\/kaankarolyegyesulet.hu\/#organization\",\"name\":\"Ka\u00e1n K\u00e1roly K\u00f6rnyezetv\u00e9delmi Egyes\u00fclet\",\"url\":\"https:\/\/kaankarolyegyesulet.hu\/\",\"logo\":{\"@type\":\"ImageObject\",\"inLanguage\":\"hu\",\"@id\":\"https:\/\/kaankarolyegyesulet.hu\/#\/schema\/logo\/image\/\",\"url\":\"https:\/\/kaankarolyegyesulet.hu\/wp-content\/uploads\/2024\/07\/cropped-KKKE-logo.jpg\",\"contentUrl\":\"https:\/\/kaankarolyegyesulet.hu\/wp-content\/uploads\/2024\/07\/cropped-KKKE-logo.jpg\",\"width\":610,\"height\":610,\"caption\":\"Ka\u00e1n K\u00e1roly K\u00f6rnyezetv\u00e9delmi Egyes\u00fclet\"},\"image\":{\"@id\":\"https:\/\/kaankarolyegyesulet.hu\/#\/schema\/logo\/image\/\"},\"sameAs\":[\"https:\/\/www.facebook.com\/kaankarolykornyezetvedelmiegyesulet\/\"]}]}<\/script>\n<!-- \/ Yoast SEO plugin. -->","yoast_head_json":{"title":"R\u00f3lunk - Ka\u00e1n K\u00e1roly K\u00f6rnyezetv\u00e9delmi Egyes\u00fclet","description":"A Ka\u00e1n K\u00e1roly K\u00f6rnyezetv\u00e9delmi Egyes\u00fclet 1994-ben alakult Zala megye \u00e9s a r\u00e9gi\u00f3 els\u0151 \u00e9s jelenleg is akt\u00edv egyes\u00fcletek\u00e9nt.","robots":{"index":"index","follow":"follow","max-snippet":"max-snippet:-1","max-image-preview":"max-image-preview:large","max-video-preview":"max-video-preview:-1"},"canonical":"https:\/\/kaankarolyegyesulet.hu\/","og_locale":"hu_HU","og_type":"article","og_title":"R\u00f3lunk - Ka\u00e1n K\u00e1roly K\u00f6rnyezetv\u00e9delmi Egyes\u00fclet","og_description":"A Ka\u00e1n K\u00e1roly K\u00f6rnyezetv\u00e9delmi Egyes\u00fclet 1994-ben alakult Zala megye \u00e9s a r\u00e9gi\u00f3 els\u0151 \u00e9s jelenleg is akt\u00edv egyes\u00fcletek\u00e9nt.","og_url":"https:\/\/kaankarolyegyesulet.hu\/","og_site_name":"Ka\u00e1n K\u00e1roly K\u00f6rnyezetv\u00e9delmi Egyes\u00fclet","article_publisher":"https:\/\/www.facebook.com\/kaankarolykornyezetvedelmiegyesulet\/","article_modified_time":"2025-05-27T18:29:09+00:00","og_image":[{"url":"https:\/\/kaankarolyegyesulet.hu\/wp-content\/uploads\/2024\/07\/Miki.jpg","type":"","width":"","height":""}],"twitter_card":"summary_large_image","twitter_misc":{"Becs\u00fclt olvas\u00e1si id\u0151":"2 perc"},"schema":{"@context":"https:\/\/schema.org","@graph":[{"@type":"WebPage","@id":"https:\/\/kaankarolyegyesulet.hu\/","url":"https:\/\/kaankarolyegyesulet.hu\/","name":"R\u00f3lunk - Ka\u00e1n K\u00e1roly K\u00f6rnyezetv\u00e9delmi Egyes\u00fclet","isPartOf":{"@id":"https:\/\/kaankarolyegyesulet.hu\/#website"},"primaryImageOfPage":{"@id":"https:\/\/kaankarolyegyesulet.hu\/#primaryimage"},"image":{"@id":"https:\/\/kaankarolyegyesulet.hu\/#primaryimage"},"thumbnailUrl":"https:\/\/kaankarolyegyesulet.hu\/wp-content\/uploads\/2024\/07\/Miki.jpg","datePublished":"2024-07-05T16:31:32+00:00","dateModified":"2025-05-27T18:29:09+00:00","description":"A Ka\u00e1n K\u00e1roly K\u00f6rnyezetv\u00e9delmi Egyes\u00fclet 1994-ben alakult Zala megye \u00e9s a r\u00e9gi\u00f3 els\u0151 \u00e9s jelenleg is akt\u00edv egyes\u00fcletek\u00e9nt.","breadcrumb":{"@id":"https:\/\/kaankarolyegyesulet.hu\/#breadcrumb"},"inLanguage":"hu","potentialAction":[{"@type":"ReadAction","target":["https:\/\/kaankarolyegyesulet.hu\/"]}]},{"@type":"ImageObject","inLanguage":"hu","@id":"https:\/\/kaankarolyegyesulet.hu\/#primaryimage","url":"https:\/\/kaankarolyegyesulet.hu\/wp-content\/uploads\/2024\/07\/Miki.jpg","contentUrl":"https:\/\/kaankarolyegyesulet.hu\/wp-content\/uploads\/2024\/07\/Miki.jpg","width":275,"height":183},{"@type":"BreadcrumbList","@id":"https:\/\/kaankarolyegyesulet.hu\/#breadcrumb","itemListElement":[{"@type":"ListItem","position":1,"name":"Kezd\u0151lap","item":"https:\/\/kaankarolyegyesulet.hu\/"},{"@type":"ListItem","position":2,"name":"R\u00f3lunk"}]},{"@type":"WebSite","@id":"https:\/\/kaankarolyegyesulet.hu\/#website","url":"https:\/\/kaankarolyegyesulet.hu\/","name":"Ka\u00e1n K\u00e1roly K\u00f6rnyezetv\u00e9delmi Egyes\u00fclet","description":"","publisher":{"@id":"https:\/\/kaankarolyegyesulet.hu\/#organization"},"potentialAction":[{"@type":"SearchAction","target":{"@type":"EntryPoint","urlTemplate":"https:\/\/kaankarolyegyesulet.hu\/?s={search_term_string}"},"query-input":{"@type":"PropertyValueSpecification","valueRequired":true,"valueName":"search_term_string"}}],"inLanguage":"hu"},{"@type":"Organization","@id":"https:\/\/kaankarolyegyesulet.hu\/#organization","name":"Ka\u00e1n K\u00e1roly K\u00f6rnyezetv\u00e9delmi Egyes\u00fclet","url":"https:\/\/kaankarolyegyesulet.hu\/","logo":{"@type":"ImageObject","inLanguage":"hu","@id":"https:\/\/kaankarolyegyesulet.hu\/#\/schema\/logo\/image\/","url":"https:\/\/kaankarolyegyesulet.hu\/wp-content\/uploads\/2024\/07\/cropped-KKKE-logo.jpg","contentUrl":"https:\/\/kaankarolyegyesulet.hu\/wp-content\/uploads\/2024\/07\/cropped-KKKE-logo.jpg","width":610,"height":610,"caption":"Ka\u00e1n K\u00e1roly K\u00f6rnyezetv\u00e9delmi Egyes\u00fclet"},"image":{"@id":"https:\/\/kaankarolyegyesulet.hu\/#\/schema\/logo\/image\/"},"sameAs":["https:\/\/www.facebook.com\/kaankarolykornyezetvedelmiegyesulet\/"]}]}},"_links":{"self":[{"href":"https:\/\/kaankarolyegyesulet.hu\/index.php?rest_route=\/wp\/v2\/pages\/6","targetHints":{"allow":["GET"]}}],"collection":[{"href":"https:\/\/kaankarolyegyesulet.hu\/index.php?rest_route=\/wp\/v2\/pages"}],"about":[{"href":"https:\/\/kaankarolyegyesulet.hu\/index.php?rest_route=\/wp\/v2\/types\/page"}],"author":[{"embeddable":true,"href":"https:\/\/kaankarolyegyesulet.hu\/index.php?rest_route=\/wp\/v2\/users\/1"}],"replies":[{"embeddable":true,"href":"https:\/\/kaankarolyegyesulet.hu\/index.php?rest_route=%2Fwp%2Fv2%2Fcomments&post=6"}],"version-history":[{"count":22,"href":"https:\/\/kaankarolyegyesulet.hu\/index.php?rest_route=\/wp\/v2\/pages\/6\/revisions"}],"predecessor-version":[{"id":276,"href":"https:\/\/kaankarolyegyesulet.hu\/index.php?rest_route=\/wp\/v2\/pages\/6\/revisions\/276"}],"wp:attachment":[{"href":"https:\/\/kaankarolyegyesulet.hu\/index.php?rest_route=%2Fwp%2Fv2%2Fmedia&parent=6"}],"curies":[{"name":"wp","href":"https:\/\/api.w.org\/{rel}","templated":true}]}}